{"id":898,"date":"2022-12-13T10:07:29","date_gmt":"2022-12-13T10:07:29","guid":{"rendered":"https:\/\/magazink.inkonsky.com\/?page_id=898"},"modified":"2022-12-14T15:00:39","modified_gmt":"2022-12-14T15:00:39","slug":"rankings-2","status":"publish","type":"page","link":"https:\/\/magazink.inkonsky.com\/it\/rankings-2\/","title":{"rendered":"Classifiche"},"content":{"rendered":"<p><\/p>\n\n\n\n<div class=\"wp-block-query is-layout-flow wp-block-query-is-layout-flow\"><ul class=\"wp-block-post-template is-layout-flow wp-block-post-template-is-layout-flow\"><li class=\"wp-block-post post-10293 post type-post status-publish format-standard has-post-thumbnail hentry category-bepanthol-tattoo category-tattoo\">\n<h2 class=\"wp-block-post-title\"><a href=\"https:\/\/magazink.inkonsky.com\/it\/ink-on-sky-en-la-oporto-tattoo-convention-2026-junto-a-bepanthen-tattoo\/\" target=\"_self\" >Ink on Sky en la Oporto Tattoo Convention 2026 junto a Bepanthen Tattoo\u00ae<\/a><\/h2>\n\n<figure class=\"alignwide wp-block-post-featured-image\"><a href=\"https:\/\/magazink.inkonsky.com\/it\/ink-on-sky-en-la-oporto-tattoo-convention-2026-junto-a-bepanthen-tattoo\/\" target=\"_self\"  ><img loading=\"lazy\" decoding=\"async\" width=\"1440\" height=\"1920\" src=\"https:\/\/magazink.inkonsky.com\/wp-content\/uploads\/2026\/03\/manuelribautattooer_1773081798_3849211569477786779_1511584555.jpg\" class=\"attachment-post-thumbnail size-post-thumbnail wp-post-image\" alt=\"Ink on Sky en la Oporto Tattoo Convention 2026 junto a Bepanthen Tattoo\u00ae\" style=\"object-fit:cover;\" srcset=\"https:\/\/magazink.inkonsky.com\/wp-content\/uploads\/2026\/03\/manuelribautattooer_1773081798_3849211569477786779_1511584555.jpg 1440w, https:\/\/magazink.inkonsky.com\/wp-content\/uploads\/2026\/03\/manuelribautattooer_1773081798_3849211569477786779_1511584555-225x300.jpg 225w, https:\/\/magazink.inkonsky.com\/wp-content\/uploads\/2026\/03\/manuelribautattooer_1773081798_3849211569477786779_1511584555-768x1024.jpg 768w, https:\/\/magazink.inkonsky.com\/wp-content\/uploads\/2026\/03\/manuelribautattooer_1773081798_3849211569477786779_1511584555-1152x1536.jpg 1152w, https:\/\/magazink.inkonsky.com\/wp-content\/uploads\/2026\/03\/manuelribautattooer_1773081798_3849211569477786779_1511584555-9x12.jpg 9w, https:\/\/magazink.inkonsky.com\/wp-content\/uploads\/2026\/03\/manuelribautattooer_1773081798_3849211569477786779_1511584555-680x907.jpg 680w, https:\/\/magazink.inkonsky.com\/wp-content\/uploads\/2026\/03\/manuelribautattooer_1773081798_3849211569477786779_1511584555-510x680.jpg 510w, https:\/\/magazink.inkonsky.com\/wp-content\/uploads\/2026\/03\/manuelribautattooer_1773081798_3849211569477786779_1511584555-900x1200.jpg 900w, https:\/\/magazink.inkonsky.com\/wp-content\/uploads\/2026\/03\/manuelribautattooer_1773081798_3849211569477786779_1511584555-1200x1600.jpg 1200w\" sizes=\"(max-width: 1440px) 100vw, 1440px\" \/><\/a><\/figure>\n\n<div class=\"wp-block-post-excerpt\"><p class=\"wp-block-post-excerpt__excerpt\">Los d\u00edas 6, 7 y 8 de marzo, la ciudad de Gondomar, Porto acogi\u00f3 una nueva edici\u00f3n de su reconocida Convenci\u00f3n de Tatuajes, reuniendo a cientos de artistas de todo el mundo en un evento marcado por el talento, la creatividad y la pasi\u00f3n por el arte del tatuaje. En esta edici\u00f3n, Bepanthen Tattoo\u00ae volvi\u00f3&#8230;&hellip; <\/p><\/div>\n\n\n<hr class=\"wp-block-separator has-css-opacity\"\/>\n\n\n<div class=\"wp-block-post-date\"><time datetime=\"\"><\/time><\/div>\n<\/li><li class=\"wp-block-post post-10126 post type-post status-publish format-standard has-post-thumbnail hentry category-tattoo\">\n<h2 class=\"wp-block-post-title\"><a href=\"https:\/\/magazink.inkonsky.com\/it\/primavera-piel-atopica-y-tatuajes-todo-lo-que-debes-saber\/\" target=\"_self\" >Primavera, piel at\u00f3pica y tatuajes: todo lo que debes saber<\/a><\/h2>\n\n<figure class=\"alignwide wp-block-post-featured-image\"><a href=\"https:\/\/magazink.inkonsky.com\/it\/primavera-piel-atopica-y-tatuajes-todo-lo-que-debes-saber\/\" target=\"_self\"  ><img loading=\"lazy\" decoding=\"async\" width=\"2560\" height=\"1440\" src=\"https:\/\/magazink.inkonsky.com\/wp-content\/uploads\/2026\/02\/chris-hardy-jmKHv-c1AFs-unsplash-scaled.jpg\" class=\"attachment-post-thumbnail size-post-thumbnail wp-post-image\" alt=\"Primavera, piel at\u00f3pica y tatuajes: todo lo que debes saber\" style=\"object-fit:cover;\" srcset=\"https:\/\/magazink.inkonsky.com\/wp-content\/uploads\/2026\/02\/chris-hardy-jmKHv-c1AFs-unsplash-scaled.jpg 2560w, https:\/\/magazink.inkonsky.com\/wp-content\/uploads\/2026\/02\/chris-hardy-jmKHv-c1AFs-unsplash-300x169.jpg 300w, https:\/\/magazink.inkonsky.com\/wp-content\/uploads\/2026\/02\/chris-hardy-jmKHv-c1AFs-unsplash-1024x576.jpg 1024w, https:\/\/magazink.inkonsky.com\/wp-content\/uploads\/2026\/02\/chris-hardy-jmKHv-c1AFs-unsplash-768x432.jpg 768w, https:\/\/magazink.inkonsky.com\/wp-content\/uploads\/2026\/02\/chris-hardy-jmKHv-c1AFs-unsplash-1536x864.jpg 1536w, https:\/\/magazink.inkonsky.com\/wp-content\/uploads\/2026\/02\/chris-hardy-jmKHv-c1AFs-unsplash-2048x1152.jpg 2048w, https:\/\/magazink.inkonsky.com\/wp-content\/uploads\/2026\/02\/chris-hardy-jmKHv-c1AFs-unsplash-18x10.jpg 18w, https:\/\/magazink.inkonsky.com\/wp-content\/uploads\/2026\/02\/chris-hardy-jmKHv-c1AFs-unsplash-533x300.jpg 533w, https:\/\/magazink.inkonsky.com\/wp-content\/uploads\/2026\/02\/chris-hardy-jmKHv-c1AFs-unsplash-680x383.jpg 680w, https:\/\/magazink.inkonsky.com\/wp-content\/uploads\/2026\/02\/chris-hardy-jmKHv-c1AFs-unsplash-1209x680.jpg 1209w, https:\/\/magazink.inkonsky.com\/wp-content\/uploads\/2026\/02\/chris-hardy-jmKHv-c1AFs-unsplash-1200x675.jpg 1200w, https:\/\/magazink.inkonsky.com\/wp-content\/uploads\/2026\/02\/chris-hardy-jmKHv-c1AFs-unsplash-1920x1080.jpg 1920w\" sizes=\"(max-width: 2560px) 100vw, 2560px\" \/><\/a><\/figure>\n\n<div class=\"wp-block-post-excerpt\"><p class=\"wp-block-post-excerpt__excerpt\">La primavera es la estaci\u00f3n de los colores, la energ\u00eda y\u2026 los tatuajes. Con el clima m\u00e1s c\u00e1lido y los d\u00edas m\u00e1s largos, muchos deciden estrenar tinta. Pero antes de animarte, hay algunos consejos clave para cuidar tu piel y tu tatuaje. Por qu\u00e9 la primavera afecta tu tatuaje El sol comienza a ser m\u00e1s&#8230;&hellip; <\/p><\/div>\n\n\n<hr class=\"wp-block-separator has-css-opacity\"\/>\n\n\n<div class=\"wp-block-post-date\"><time datetime=\"\"><\/time><\/div>\n<\/li><li class=\"wp-block-post post-10088 post type-post status-publish format-standard has-post-thumbnail hentry category-tattoo\">\n<h2 class=\"wp-block-post-title\"><a href=\"https:\/\/magazink.inkonsky.com\/it\/tatuajes-segun-tu-signo-del-zodiaco\/\" target=\"_self\" >Tatuajes seg\u00fan tu signo del zodiaco<\/a><\/h2>\n\n<figure class=\"alignwide wp-block-post-featured-image\"><a href=\"https:\/\/magazink.inkonsky.com\/it\/tatuajes-segun-tu-signo-del-zodiaco\/\" target=\"_self\"  ><img loading=\"lazy\" decoding=\"async\" width=\"2560\" height=\"1707\" src=\"https:\/\/magazink.inkonsky.com\/wp-content\/uploads\/2026\/02\/vedrana-filipovic-kLqZ92hmqTw-unsplash-scaled.jpg\" class=\"attachment-post-thumbnail size-post-thumbnail wp-post-image\" alt=\"Tatuajes seg\u00fan tu signo del zodiaco\" style=\"object-fit:cover;\" srcset=\"https:\/\/magazink.inkonsky.com\/wp-content\/uploads\/2026\/02\/vedrana-filipovic-kLqZ92hmqTw-unsplash-scaled.jpg 2560w, https:\/\/magazink.inkonsky.com\/wp-content\/uploads\/2026\/02\/vedrana-filipovic-kLqZ92hmqTw-unsplash-300x200.jpg 300w, https:\/\/magazink.inkonsky.com\/wp-content\/uploads\/2026\/02\/vedrana-filipovic-kLqZ92hmqTw-unsplash-1024x683.jpg 1024w, https:\/\/magazink.inkonsky.com\/wp-content\/uploads\/2026\/02\/vedrana-filipovic-kLqZ92hmqTw-unsplash-768x512.jpg 768w, https:\/\/magazink.inkonsky.com\/wp-content\/uploads\/2026\/02\/vedrana-filipovic-kLqZ92hmqTw-unsplash-1536x1024.jpg 1536w, https:\/\/magazink.inkonsky.com\/wp-content\/uploads\/2026\/02\/vedrana-filipovic-kLqZ92hmqTw-unsplash-2048x1365.jpg 2048w, https:\/\/magazink.inkonsky.com\/wp-content\/uploads\/2026\/02\/vedrana-filipovic-kLqZ92hmqTw-unsplash-18x12.jpg 18w, https:\/\/magazink.inkonsky.com\/wp-content\/uploads\/2026\/02\/vedrana-filipovic-kLqZ92hmqTw-unsplash-450x300.jpg 450w, https:\/\/magazink.inkonsky.com\/wp-content\/uploads\/2026\/02\/vedrana-filipovic-kLqZ92hmqTw-unsplash-680x453.jpg 680w, https:\/\/magazink.inkonsky.com\/wp-content\/uploads\/2026\/02\/vedrana-filipovic-kLqZ92hmqTw-unsplash-1020x680.jpg 1020w, https:\/\/magazink.inkonsky.com\/wp-content\/uploads\/2026\/02\/vedrana-filipovic-kLqZ92hmqTw-unsplash-1800x1200.jpg 1800w, https:\/\/magazink.inkonsky.com\/wp-content\/uploads\/2026\/02\/vedrana-filipovic-kLqZ92hmqTw-unsplash-1200x800.jpg 1200w, https:\/\/magazink.inkonsky.com\/wp-content\/uploads\/2026\/02\/vedrana-filipovic-kLqZ92hmqTw-unsplash-1920x1280.jpg 1920w\" sizes=\"(max-width: 2560px) 100vw, 2560px\" \/><\/a><\/figure>\n\n<div class=\"wp-block-post-excerpt\"><p class=\"wp-block-post-excerpt__excerpt\">Los tatuajes inspirados en el hor\u00f3scopo representan rasgos profundos de la personalidad, emociones y formas de ver la vida. Cada signo tiene un simbolismo \u00fanico que puede conectar con quien lo lleva. Aries Los tatuajes de Aries representan fuerza, valent\u00eda y esp\u00edritu de lucha. Este signo est\u00e1 asociado al fuego, la acci\u00f3n y el liderazgo,&#8230;&hellip; <\/p><\/div>\n\n\n<hr class=\"wp-block-separator has-css-opacity\"\/>\n\n\n<div class=\"wp-block-post-date\"><time datetime=\"\"><\/time><\/div>\n<\/li><\/ul><\/div>","protected":false},"excerpt":{"rendered":"","protected":false},"author":1,"featured_media":0,"parent":0,"menu_order":0,"comment_status":"closed","ping_status":"closed","template":"","meta":{"_kadence_starter_templates_imported_post":false,"footnotes":""},"_links":{"self":[{"href":"https:\/\/magazink.inkonsky.com\/it\/wp-json\/wp\/v2\/pages\/898"}],"collection":[{"href":"https:\/\/magazink.inkonsky.com\/it\/wp-json\/wp\/v2\/pages"}],"about":[{"href":"https:\/\/magazink.inkonsky.com\/it\/wp-json\/wp\/v2\/types\/page"}],"author":[{"embeddable":true,"href":"https:\/\/magazink.inkonsky.com\/it\/wp-json\/wp\/v2\/users\/1"}],"replies":[{"embeddable":true,"href":"https:\/\/magazink.inkonsky.com\/it\/wp-json\/wp\/v2\/comments?post=898"}],"version-history":[{"count":2,"href":"https:\/\/magazink.inkonsky.com\/it\/wp-json\/wp\/v2\/pages\/898\/revisions"}],"predecessor-version":[{"id":1405,"href":"https:\/\/magazink.inkonsky.com\/it\/wp-json\/wp\/v2\/pages\/898\/revisions\/1405"}],"wp:attachment":[{"href":"https:\/\/magazink.inkonsky.com\/it\/wp-json\/wp\/v2\/media?parent=898"}],"curies":[{"name":"wp","href":"https:\/\/api.w.org\/{rel}","templated":true}]}}