{"id":126,"date":"2022-05-04T14:59:56","date_gmt":"2022-05-04T14:59:56","guid":{"rendered":"https:\/\/themes.pixelwars.org\/f8\/demo-01\/?page_id=126"},"modified":"2022-12-21T15:04:35","modified_gmt":"2022-12-21T15:04:35","slug":"about","status":"publish","type":"page","link":"https:\/\/magazink.inkonsky.com\/fr\/about\/","title":{"rendered":"\u00c0 propos"},"content":{"rendered":"<h1 class=\"is-style-text-outline-light wp-block-heading\">\u00bfAcabas de llegar? \u00a1Bienvenid@s a Magazink, by Ink on Sky!<\/h1>\n\n\n\n<p>Este es el lugar d\u00f3nde vas a poder encontrar <strong>inspiraci\u00f3n, consejos, curiosidades, noticias<\/strong> y mucho m\u00e1s sobre el apasionante <strong>mundo del tatuaje<\/strong>!<\/p>\n\n\n\n<p>Y t\u00fa, <em>\u00bfquieres aprenderlo todo sobre el mundo del tatuaje?<\/em> <strong>\u00a1\u00danete a nuestra comunidad!<\/strong><\/p>\n\n\n\n<blockquote class=\"wp-block-quote is-layout-flow wp-block-quote-is-layout-flow\">\n<p>Ink on Sky es la mayor comunidad de tatuadores a nivel mundial y el software de gesti\u00f3n inteligente para estudios de tatuaje y artistas.<\/p>\n<\/blockquote>\n\n\n\n<p>Para saber m\u00e1s puedes <a href=\"https:\/\/app.inkonsky.com\/register\">clickar aqu\u00ed<\/a> y probar nuestro software de manera gratuita. Podr\u00e1s llevar un control sobre tus citas y tu base de datos, generar consentimientos, enviar recordatorios a tus clientes, generar tickets, subir fotos, y mucho m\u00e1s\u2026<\/p>\n\n\n\n<p>\u00danete a nuestra familia Ink on Sky y podr\u00e1s tambi\u00e9n compartir con artistas de todo el mundo. Organiza Guest Artists, intercambia experiencias y descubre nuevos estudios y artistas a nivel internacional.<\/p>\n\n\n\n<p><strong>\u00bfTe lo vas a perder?<\/strong><\/p>","protected":false},"excerpt":{"rendered":"<p>\u00bfAcabas de llegar? \u00a1Bienvenid@s a Magazink, by Ink on Sky! Este es el lugar d\u00f3nde vas a poder encontrar inspiraci\u00f3n, consejos, curiosidades, noticias y mucho m\u00e1s sobre el apasionante mundo del tatuaje! Y t\u00fa, \u00bfquieres aprenderlo todo sobre el mundo del tatuaje? \u00a1\u00danete a nuestra comunidad! Ink on Sky es la mayor comunidad de tatuadores&#8230; <\/p>\n<p class=\"more\"> <a class=\"more-link\" href=\"https:\/\/magazink.inkonsky.com\/fr\/about\/\">Read More<\/a> <\/p>","protected":false},"author":1,"featured_media":0,"parent":0,"menu_order":0,"comment_status":"closed","ping_status":"closed","template":"","meta":{"_kadence_starter_templates_imported_post":false,"footnotes":""},"_links":{"self":[{"href":"https:\/\/magazink.inkonsky.com\/fr\/wp-json\/wp\/v2\/pages\/126"}],"collection":[{"href":"https:\/\/magazink.inkonsky.com\/fr\/wp-json\/wp\/v2\/pages"}],"about":[{"href":"https:\/\/magazink.inkonsky.com\/fr\/wp-json\/wp\/v2\/types\/page"}],"author":[{"embeddable":true,"href":"https:\/\/magazink.inkonsky.com\/fr\/wp-json\/wp\/v2\/users\/1"}],"replies":[{"embeddable":true,"href":"https:\/\/magazink.inkonsky.com\/fr\/wp-json\/wp\/v2\/comments?post=126"}],"version-history":[{"count":4,"href":"https:\/\/magazink.inkonsky.com\/fr\/wp-json\/wp\/v2\/pages\/126\/revisions"}],"predecessor-version":[{"id":1557,"href":"https:\/\/magazink.inkonsky.com\/fr\/wp-json\/wp\/v2\/pages\/126\/revisions\/1557"}],"wp:attachment":[{"href":"https:\/\/magazink.inkonsky.com\/fr\/wp-json\/wp\/v2\/media?parent=126"}],"curies":[{"name":"wp","href":"https:\/\/api.w.org\/{rel}","templated":true}]}}